{"id":31,"date":"2025-03-17T00:55:36","date_gmt":"2025-03-16T23:55:36","guid":{"rendered":"https:\/\/villa-claudia.eu\/?page_id=31"},"modified":"2025-03-17T04:05:12","modified_gmt":"2025-03-17T03:05:12","slug":"location","status":"publish","type":"page","link":"https:\/\/villa-claudia.eu\/de\/location\/","title":{"rendered":"Anreise"},"content":{"rendered":"<p>[et_pb_section fb_built=&#8221;1&#8243; _builder_version=&#8221;4.25.1&#8243; _module_preset=&#8221;default&#8221; global_colors_info=&#8221;{}&#8221; theme_builder_area=&#8221;post_content&#8221;][et_pb_row _builder_version=&#8221;4.25.1&#8243; _module_preset=&#8221;default&#8221; custom_padding=&#8221;4px||7px|||&#8221; global_colors_info=&#8221;{}&#8221; theme_builder_area=&#8221;post_content&#8221;][et_pb_column type=&#8221;4_4&#8243; _builder_version=&#8221;4.25.1&#8243; _module_preset=&#8221;default&#8221; global_colors_info=&#8221;{}&#8221; theme_builder_area=&#8221;post_content&#8221;][et_pb_heading title=&#8221;Location&#8221; _builder_version=&#8221;4.25.1&#8243; _module_preset=&#8221;default&#8221; title_level=&#8221;h2&#8243; title_font=&#8221;|600|||||||&#8221; global_colors_info=&#8221;{}&#8221; theme_builder_area=&#8221;post_content&#8221;][\/et_pb_heading][\/et_pb_column][\/et_pb_row][et_pb_row _builder_version=&#8221;4.26.1&#8243; _module_preset=&#8221;default&#8221; custom_margin=&#8221;0px|auto|0px|auto|true|false&#8221; custom_padding=&#8221;0px||0px||true|false&#8221; global_colors_info=&#8221;{}&#8221; theme_builder_area=&#8221;post_content&#8221;][et_pb_column type=&#8221;4_4&#8243; _builder_version=&#8221;4.25.1&#8243; _module_preset=&#8221;default&#8221; global_colors_info=&#8221;{}&#8221; theme_builder_area=&#8221;post_content&#8221;][et_pb_text _builder_version=&#8221;4.26.1&#8243; _module_preset=&#8221;default&#8221; custom_margin=&#8221;||10px||false|false&#8221; custom_padding=&#8221;||0px|||&#8221; global_colors_info=&#8221;{}&#8221; theme_builder_area=&#8221;post_content&#8221;]<\/p>\n<p class=\"Stil21\">The holiday home Claudia is located near Porec in Istria\/Croatia. Porec itself is a well-known tourist town with many cultural monuments and a wide range of activities for sports enthusiasts. In and around Porec, there are numerous restaurants, cafes, and a well-maintained beach suitable for children of all ages. The hinterland of Porec is excellent for excursions. Directly from the house, you can find signposted cycling and hiking trails.<\/p>\n<p>[\/et_pb_text][\/et_pb_column][\/et_pb_row][et_pb_row _builder_version=&#8221;4.26.1&#8243; _module_preset=&#8221;default&#8221; min_height=&#8221;272.3px&#8221; custom_margin=&#8221;0px||0px||true|false&#8221; custom_padding=&#8221;0px||0px||true|false&#8221; global_colors_info=&#8221;{}&#8221; theme_builder_area=&#8221;post_content&#8221;][et_pb_column type=&#8221;4_4&#8243; _builder_version=&#8221;4.26.1&#8243; _module_preset=&#8221;default&#8221; global_colors_info=&#8221;{}&#8221; theme_builder_area=&#8221;post_content&#8221;][et_pb_text _builder_version=&#8221;4.26.1&#8243; _module_preset=&#8221;default&#8221; global_colors_info=&#8221;{}&#8221; theme_builder_area=&#8221;post_content&#8221;]<\/p>\n<h4><strong>Directions to Villa Claudia in Croatia<\/strong><\/h4>\n<p>If there is traffic at the Karawanken Tunnel, we recommend the route via the Loibl Pass near Klagenfurt. Follow the A1 towards Ljubljana and then towards Koper. Take the CRNI KAL exit and follow road 208 towards Buzet.<\/p>\n<p>Stay on road 208 until you see an OMV gas station on the left side in the town of Gra\u010di\u0161\u010de. About 150 meters after the gas station, turn right onto road number 625. Continue on road number 626 towards Butari and Brezovica pri Gradinu.<\/p>\n<p>The border crossing is open daily from 6:00 AM to 10:00 PM. After crossing the border, continue to Oprtalj or follow your GPS to Livade or directly to Ka\u0161telir, Bronobi\u0107i 94A.<\/p>\n<p>We wish you a safe journey and a pleasant stay at Villa Claudia!<\/p>\n<p>[\/et_pb_text][\/et_pb_column][\/et_pb_row][et_pb_row _builder_version=&#8221;4.25.1&#8243; _module_preset=&#8221;default&#8221; global_colors_info=&#8221;{}&#8221; theme_builder_area=&#8221;post_content&#8221;][et_pb_column type=&#8221;4_4&#8243; _builder_version=&#8221;4.25.1&#8243; _module_preset=&#8221;default&#8221; global_colors_info=&#8221;{}&#8221; theme_builder_area=&#8221;post_content&#8221;][et_pb_text _builder_version=&#8221;4.25.1&#8243; _module_preset=&#8221;default&#8221; custom_padding=&#8221;||0px|||&#8221; global_colors_info=&#8221;{}&#8221; theme_builder_area=&#8221;post_content&#8221;]<\/p>\n<p><span class=\"Stil42\"><span class=\"Stil47\"><strong>Address:<\/strong><br \/><\/span>Villa Claudia, Valentic\u00ed 32, Kastelir-Labinici, Croatia (Near Porec)<br \/>You will receive the detailed directions to the house with the travel contract.<\/span><\/p>\n<p>[\/et_pb_text][\/et_pb_column][\/et_pb_row][et_pb_row _builder_version=&#8221;4.25.1&#8243; _module_preset=&#8221;default&#8221; global_colors_info=&#8221;{}&#8221; theme_builder_area=&#8221;post_content&#8221;][et_pb_column type=&#8221;4_4&#8243; _builder_version=&#8221;4.25.1&#8243; _module_preset=&#8221;default&#8221; global_colors_info=&#8221;{}&#8221; theme_builder_area=&#8221;post_content&#8221;][et_pb_map address=&#8221;Valenti\u0107i 32, 52464, Valenti\u0107i, Kroatien&#8221; zoom_level=&#8221;17&#8243; address_lat=&#8221;45.3054786&#8243; address_lng=&#8221;13.6773428&#8243; _builder_version=&#8221;4.27.4&#8243; _module_preset=&#8221;default&#8221; global_colors_info=&#8221;{}&#8221; theme_builder_area=&#8221;post_content&#8221; hover_enabled=&#8221;0&#8243; sticky_enabled=&#8221;0&#8243;][\/et_pb_map][\/et_pb_column][\/et_pb_row][\/et_pb_section]<\/p>\n","protected":false},"excerpt":{"rendered":"<p>The holiday home Claudia is located near Porec in Istria\/Croatia. Porec itself is a well-known tourist town with many cultural monuments and a wide range of activities for sports enthusiasts. In and around Porec, there are numerous restaurants, cafes, and a well-maintained beach suitable for children of all ages. The hinterland of Porec is excellent [&hellip;]<\/p>\n","protected":false},"author":2,"featured_media":0,"parent":0,"menu_order":0,"comment_status":"closed","ping_status":"closed","template":"","meta":{"_et_pb_use_builder":"on","_et_pb_old_content":"","_et_gb_content_width":"","footnotes":""},"class_list":["post-31","page","type-page","status-publish","hentry"],"_hostinger_reach_plugin_has_subscription_block":false,"_hostinger_reach_plugin_is_elementor":false,"_links":{"self":[{"href":"https:\/\/villa-claudia.eu\/de\/wp-json\/wp\/v2\/pages\/31","targetHints":{"allow":["GET"]}}],"collection":[{"href":"https:\/\/villa-claudia.eu\/de\/wp-json\/wp\/v2\/pages"}],"about":[{"href":"https:\/\/villa-claudia.eu\/de\/wp-json\/wp\/v2\/types\/page"}],"author":[{"embeddable":true,"href":"https:\/\/villa-claudia.eu\/de\/wp-json\/wp\/v2\/users\/2"}],"replies":[{"embeddable":true,"href":"https:\/\/villa-claudia.eu\/de\/wp-json\/wp\/v2\/comments?post=31"}],"version-history":[{"count":4,"href":"https:\/\/villa-claudia.eu\/de\/wp-json\/wp\/v2\/pages\/31\/revisions"}],"predecessor-version":[{"id":172,"href":"https:\/\/villa-claudia.eu\/de\/wp-json\/wp\/v2\/pages\/31\/revisions\/172"}],"wp:attachment":[{"href":"https:\/\/villa-claudia.eu\/de\/wp-json\/wp\/v2\/media?parent=31"}],"curies":[{"name":"wp","href":"https:\/\/api.w.org\/{rel}","templated":true}]}}